{"id":11,"date":"2012-06-19T17:28:09","date_gmt":"2012-06-19T16:28:09","guid":{"rendered":"\/?page_id=11"},"modified":"2021-02-03T13:09:58","modified_gmt":"2021-02-03T12:09:58","slug":"impressum-comcon","status":"publish","type":"page","link":"https:\/\/cc1.de\/cms\/impressum-comcon\/","title":{"rendered":"Impressum"},"content":{"rendered":"<p>[vc_row][vc_column][vc_column_text]\n<h3>Herausgeber der Webseite<\/h3>\n<p><strong>coMcoN &#8211; Communications &amp; Consulting:<\/strong><\/p>\n<p>Ihr professioneller Partner f\u00fcr Corporate- und Webdesign, Programmierung und Internet Marketing.<\/p>\n<p>Bei uns erhalten Sie individuelle Internetanwendungen, funktionelle Webprojekte und Dienstleistungen f\u00fcr zukunftorientierte und benutzerfreundlicher Front-End-Gestaltung.<\/p>\n<br \/>\n<p style=\"text-align: center;\">Egal ob Sie Hilfe per Hotline oder Fernwartung ben\u00f6tigen:<\/p>\n<h3 style=\"text-align: center;\">Unsere Spezialisten sind im Ernstfall immer in Ihrer N\u00e4he.<\/h3>\n<br \/>\n<h3>Wo sind wir?<\/h3>\n<p>Unser Standort befindet sich n\u00f6rdlich von Hamburg auf dem &#8222;platten Land&#8220; im sch\u00f6nen Schleswig-Holsten. In Zeiten des Internets und im Zuge fortschreitender Globalisierung spielt physikalische N\u00e4he jedoch eine immer untergeordnetere Rolle.<\/p>\n<p style=\"text-align: left;\">Unsere Kunden kommen aus ganz Europa und den USA und sch\u00e4tzen seit vielen Jahren unseren erstklassigen Service und Support.<\/p>\n<p style=\"text-align: left;\">Wann kommen Sie zu uns? Wir sind nur einen Telefonanruf entfernt:<\/p>\n<p style=\"text-align: left;\">coMcoN &#8211; Communications &amp; Consulting<br \/>\nTel. +49 (0) 48 21 \/ 148 9 138<\/p>\n[\/vc_column_text][vc_row_inner css=&#8220;.vc_custom_1612354048146{margin-top: -50px !important;margin-bottom: 50px !important;}&#8220;][vc_column_inner][vc_gmaps link=&#8220;#E-8_JTNDaWZyYW1lJTIwc3JjJTNEJTIyaHR0cHMlM0ElMkYlMkZ3d3cuZ29vZ2xlLmNvbSUyRm1hcHMlMkZlbWJlZCUzRnBiJTNEJTIxMW0xOCUyMTFtMTIlMjExbTMlMjExZDQ4MTA2NzUuODgyMjIzMjY3JTIxMmQ1LjA0MTkwNDg1MDM4NTc1MSUyMTNkNTMuOTMyNDA0MTU3MDYxNTA1JTIxMm0zJTIxMWYwJTIxMmYwJTIxM2YwJTIxM20yJTIxMWkxMDI0JTIxMmk3NjglMjE0ZjEzLjElMjEzbTMlMjExbTIlMjExczB4NDdiM2M0NTZhNmZiOGVlZCUyNTNBMHg0MjQ4OTYzYzY1ODY1NTAlMjEyc0l0emVob2UlMjUyQyUyNTIwR2VybWFueSUyMTVlMCUyMTNtMiUyMTFzZW4lMjEyc2VzJTIxNHYxNjEyMzUzODMxNTU2JTIxNW0yJTIxMXNlbiUyMTJzZXMlMjIlMjB3aWR0aCUzRCUyMjgwMCUyMiUyMGhlaWdodCUzRCUyMjMwMCUyMiUyMGZyYW1lYm9yZGVyJTNEJTIyMCUyMiUyMHN0eWxlJTNEJTIyYm9yZGVyJTNBMCUzQiUyMiUyMGFsbG93ZnVsbHNjcmVlbiUzRCUyMiUyMiUyMGFyaWEtaGlkZGVuJTNEJTIyZmFsc2UlMjIlMjB0YWJpbmRleCUzRCUyMjAlMjIlM0UlM0MlMkZpZnJhbWUlM0U=&#8220;][\/vc_column_inner][\/vc_row_inner][vc_column_text]\n<h2>Angaben gem\u00e4\u00df \u00a7 5 TMG:<\/h2>\n<br \/>\n<p><strong>Herausgeber dieser Webseite:<\/strong><\/p>\n<p>coMcoN &#8211; Communications &amp; Consulting<\/p>\n<p>Inhaber Oliver \u00dcberbacher<\/p>\n<p>Kaempeweg 6, D-25524 Bekm\u00fcnde<\/p>\n<p>Telefon: +49 (0) 48 21 \/ 148 9 138<\/p>\n<p><a href=\"https:\/\/cc1.de\/0_redirect.php\">Schreiben Sie uns eine E-Mail<\/a><\/p>\n<br \/>\n<p>Umsatzsteuer-ID gem\u00e4\u00df \u00a727 a Umsatzsteuergesetz: DE260036673<\/p>\n<br \/>\n<h2>Haftungsausschluss<\/h2>\n<p>Haftung f\u00fcr Inhalte Die Inhalte unserer Seiten wurden mit gr\u00f6\u00dfter Sorgfalt erstellt. F\u00fcr die Richtigkeit, Vollst\u00e4ndigkeit und Aktualit\u00e4t der Inhalte k\u00f6nnen wir jedoch keine Gew\u00e4hr \u00fcbernehmen.<\/p>\n<p>Als Diensteanbieter sind wir gem\u00e4\u00df \u00a7 7 Abs.1 TMG f\u00fcr eigene Inhalte auf diesen Seiten nach den allgemeinen Gesetzen verantwortlich. Nach \u00a7\u00a7 8 bis 10 TMG sind wir als Diensteanbieter jedoch nicht verpflichtet, \u00fcbermittelte oder gespeicherte fremde Informationen zu \u00fcberwachen oder nach Umst\u00e4nden zu forschen, die auf eine rechtswidrige T\u00e4tigkeit hinweisen.<\/p>\n<p>Verpflichtungen zur Entfernung oder Sperrung der Nutzung von Informationen nach den allgemeinen Gesetzen bleiben hiervon unber\u00fchrt. Eine diesbez\u00fcgliche Haftung ist jedoch erst ab dem Zeitpunkt der Kenntnis einer konkreten Rechtsverletzung m\u00f6glich.<\/p>\n<p>Bei Bekanntwerden von entsprechenden Rechtsverletzungen werden wir diese Inhalte umgehend entfernen.<\/p>\n<p><strong>Haftung f\u00fcr Links<\/strong><\/p>\n<p>Unser Angebot enth\u00e4lt Links zu externen Webseiten Dritter, auf deren Inhalte wir keinen Einfluss haben. Deshalb k\u00f6nnen wir f\u00fcr diese fremden Inhalte auch keine Gew\u00e4hr \u00fcbernehmen. F\u00fcr die Inhalte der verlinkten Seiten ist stets der jeweilige Anbieter oder Betreiber der Seiten verantwortlich. Die verlinkten Seiten wurden zum Zeitpunkt der Verlinkung auf m\u00f6gliche Rechtsverst\u00f6\u00dfe \u00fcberpr\u00fcft.<\/p>\n<p>Rechtswidrige Inhalte waren zum Zeitpunkt der Verlinkung nicht erkennbar. Eine permanente inhaltliche Kontrolle der verlinkten Seiten ist jedoch ohne konkrete Anhaltspunkte einer Rechtsverletzung nicht zumutbar. Bei Bekanntwerden von Rechtsverletzungen werden wir derartige Links umgehend entfernen.[\/toggle] [toggle title=&#8220;Urheberrecht&#8220;]\n<p>Die durch die Seitenbetreiber erstellten Inhalte und Werke auf diesen Seiten unterliegen dem deutschen Urheberrecht. Die Vervielf\u00e4ltigung, Bearbeitung, Verbreitung und jede Art der Verwertung au\u00dferhalb der Grenzen des Urheberrechtes bed\u00fcrfen der schriftlichen Zustimmung des jeweiligen Autors bzw. Erstellers.<\/p>\n<p>Downloads und Kopien dieser Seite sind nur f\u00fcr den privaten, nicht kommerziellen Gebrauch gestattet. Soweit die Inhalte auf dieser Seite nicht vom Betreiber erstellt wurden, werden die Urheberrechte Dritter beachtet. Insbesondere werden Inhalte Dritter als solche gekennzeichnet. Sollten Sie trotzdem auf eine Urheberrechtsverletzung aufmerksam werden, bitten wir um einen entsprechenden Hinweis. Bei Bekanntwerden von Rechtsverletzungen werden wir derartige Inhalte umgehend entfernen.[\/toggle] [toggle title=&#8220;Datenschutz&#8220;]\n<p>Die Nutzung unserer Webseite ist in der Regel ohne Angabe personenbezogener Daten m\u00f6glich. Soweit auf unseren Seiten personenbezogene Daten (beispielsweise Name, Anschrift oder eMail-Adressen) erhoben werden, erfolgt dies, soweit m\u00f6glich, stets auf freiwilliger Basis. Diese Daten werden ohne Ihre ausdr\u00fcckliche Zustimmung nicht an Dritte weitergegeben.<\/p>\n<p>Wir weisen darauf hin, dass die Daten\u00fcbertragung im Internet (z.B. bei der Kommunikation per E-Mail) Sicherheitsl\u00fccken aufweisen kann. Ein l\u00fcckenloser Schutz der Daten vor dem Zugriff durch Dritte ist nicht m\u00f6glich. Der Nutzung von im Rahmen der Impressumspflicht ver\u00f6ffentlichten Kontaktdaten durch Dritte zur \u00dcbersendung von nicht ausdr\u00fccklich angeforderter Werbung und Informationsmaterialien wird hiermit ausdr\u00fccklich widersprochen.<\/p>\n<p>Die Betreiber der Seiten behalten sich ausdr\u00fccklich rechtliche Schritte im Falle der unverlangten Zusendung von Werbeinformationen, etwa durch Spam-Mails, vor.<\/p>\n<br \/>\n<p>Die auf dieser Website ver\u00f6ffentlichten Inhalte unterliegen dem nationalen und internationalen Urheber- und Leistungsschutzrecht. Jede vom nationalen oder internationalen Urheber- und Leistungsschutzrecht nicht zugelassene Verwertung bedarf der vorherigen schriftlichen Zustimmung des Anbieters oder jeweiligen Rechteinhabers. Dies gilt insbesondere f\u00fcr Vervielf\u00e4ltigung, Bearbeitung, \u00dcbersetzung, Einspeicherung, Verarbeitung bzw. Wiedergabe von Inhalten in Datenbanken oder anderen elektronischen Medien oder Systemen. Inhalte und Rechte Dritter sind dabei als solche gekennzeichnet.<\/p>\n<p>Die unerlaubte Vervielf\u00e4ltigung oder Weitergabe einzelner Inhalte oder kompletter Seiten ist nicht gestattet und strafbar. Ein Versto\u00df gegen diese Bestimmungen verpflichtet zur sofortigen Vernichtung aller ausgedruckten oder heruntergeladenen Inhalte. Die Geltendmachung weiterer Schadenersatzanspr\u00fcche bleibt vorbehalten.<\/p>\n<p>Die Herstellung von Kopien und Downloads f\u00fcr den pers\u00f6nlichen, privaten und nicht kommerziellen Gebrauch ist unter der Bedingung erlaubt, dass die kopierten Dokumente noch alle Copyright Vermerke enthalten und einen Hinweis auf die Quelle enthalten.<\/p>\n<p>Die \u00dcbernahme und Nutzung der \u00fcbrigen Inhalte und Daten bedarf immer der schriftlichen Zustimmung, soweit innerhalb der Webseite nichts abweichendes geregelt ist.<\/p>\n<p>Die Darstellung dieser Website in fremden Frames ist nur mit schriftlicher Erlaubnis zul\u00e4ssig.<\/p>\n<p>Das Copyright f\u00fcr das verwendete Bidlmaterial liegt, sofern nicht anders ausgewiesen, bei coMcoN &#8211; Communications &amp; Consulting[\/vc_column_text][\/vc_column][\/vc_row]\n","protected":false},"excerpt":{"rendered":"<p>[vc_row][vc_column][vc_column_text] Herausgeber der Webseite coMcoN &#8211; Communications &amp; Consulting: Ihr professioneller Partner f\u00fcr Corporate- und Webdesign, Programmierung und Internet Marketing. Bei uns erhalten Sie individuelle Internetanwendungen, funktionelle Webprojekte und Dienstleistungen f\u00fcr zukunftorientierte und benutzerfreundlicher Front-End-Gestaltung. Egal ob Sie Hilfe per Hotline oder Fernwartung ben\u00f6tigen: Unsere Spezialisten sind im Ernstfall immer in Ihrer N\u00e4he. Wo sind&#8230;<\/p>\n","protected":false},"author":1,"featured_media":0,"parent":0,"menu_order":0,"comment_status":"closed","ping_status":"open","template":"","meta":{"_exactmetrics_skip_tracking":false,"_exactmetrics_sitenote_active":false,"_exactmetrics_sitenote_note":"","_exactmetrics_sitenote_category":0},"_links":{"self":[{"href":"https:\/\/cc1.de\/cms\/wp-json\/wp\/v2\/pages\/11"}],"collection":[{"href":"https:\/\/cc1.de\/cms\/wp-json\/wp\/v2\/pages"}],"about":[{"href":"https:\/\/cc1.de\/cms\/wp-json\/wp\/v2\/types\/page"}],"author":[{"embeddable":true,"href":"https:\/\/cc1.de\/cms\/wp-json\/wp\/v2\/users\/1"}],"replies":[{"embeddable":true,"href":"https:\/\/cc1.de\/cms\/wp-json\/wp\/v2\/comments?post=11"}],"version-history":[{"count":140,"href":"https:\/\/cc1.de\/cms\/wp-json\/wp\/v2\/pages\/11\/revisions"}],"predecessor-version":[{"id":5559,"href":"https:\/\/cc1.de\/cms\/wp-json\/wp\/v2\/pages\/11\/revisions\/5559"}],"wp:attachment":[{"href":"https:\/\/cc1.de\/cms\/wp-json\/wp\/v2\/media?parent=11"}],"curies":[{"name":"wp","href":"https:\/\/api.w.org\/{rel}","templated":true}]}}