{"id":421,"date":"2014-01-20T12:06:52","date_gmt":"2014-01-20T11:06:52","guid":{"rendered":"\/?page_id=421"},"modified":"2021-01-27T12:42:25","modified_gmt":"2021-01-27T11:42:25","slug":"home-extended","status":"publish","type":"page","link":"https:\/\/cc1.de\/cms\/","title":{"rendered":"Home"},"content":{"rendered":"<p>[vc_row full_height=&#8220;yes&#8220;][vc_column][vc_row_inner][vc_column_inner][vc_column_text]\n<h2>Wir \u00fcberarbeiten zur Zeit unsere Webseite. Wir bitten um Ihr Verst\u00e4ndnis.<\/h2>\n<br \/>\n<p>coMcoN ist bereits seit 1994 Anbieter von professionellen und effizienten L\u00f6sungen in den Bereichen Webdesign, Programmierung und Internetmarketing f\u00fcr kleine, mittlere, mittelst\u00e4ndische und gro\u00dfe Unternehmen.<\/p>\n<p>Unsere zufriedenen Kunden aus ganz Europa und den USA vertrauen uns als Partner zum Teil schon weit \u00fcber 10 Jahre. Kompetenz, Zuverl\u00e4ssigkeit und Schnelligkeit zahlen sich aus.<\/p>\n<p><strong>Als Full-Service-Provider umfasst unser Leistungsspektrum neben Webdesign, Programmierung, Internet Marketing, Suchmaschinenoptimierung und Hosting auch Grafik- und Printmediendesign.<\/strong>[\/vc_column_text][\/vc_column_inner][\/vc_row_inner][vc_row_inner][vc_column_inner width=&#8220;1\/2&#8243;][vc_column_text]\n<h3><em>Screendesign<\/em><\/h3>\n<p>Profitieren Sie von unserer langj\u00e4hrigen Erfahrung.<\/p>\n<p>Wir erstellen individuell f\u00fcr Ihr Unternehmen ein ansprechendes und zeitgem\u00e4\u00dfes Webdesign nach Ihren Vorgaben, Ihrer Corporate Identity und Ihrem Budget.<\/p>\n<br \/>\n<h3><em>CMS Content-Management-Systeme<br \/>\n<\/em><\/h3>\n<p>Pflegen Sie die Inhalte Ihrer Webseite doch einfach selbst.<\/p>\n<p>Neben unserem eigenen, einfach zu bedienenden Content-Management-System coMcoN-CMS erstellen wir im Kundenauftrag Internetauftritte in TYPO3, WordPress und Joomla.[\/vc_column_text][\/vc_column_inner][vc_column_inner width=&#8220;1\/2&#8243;][vc_column_text]\n<h3><em>Programmierung<\/em><\/h3>\n<p>Wir beherrschen die aktuellen Techniken und verfolgen neue Trends.<\/p>\n<p>Es z\u00e4hlt nicht immer das technisch Machbare. Unsere Anwendungen sind stets zielgerichtet und zeichnen sich durch Bedienerfreundlichkeit und browser\u00fcbergreifende Entwicklung aus.<\/p>\n<br \/>\n<h3><em>Mobiles Internet<br \/>\n<\/em><\/h3>\n<p>Immer mehr Benutzer wie Sie, besuchen Internetseiten mit mobilen Endger\u00e4ten.<\/p>\n<p>Wir analysieren Ihren Internetauftritt und stehen Ihnen bei der Ausarbeitung einer ma\u00dfgeschneiderten L\u00f6sung mit unserem KnowHow zur Seite.[\/vc_column_text][\/vc_column_inner][\/vc_row_inner][vc_column_text]Bei der visuellen Wahrnehmung von Webauftritten im Internet wird die Aufnahme von Informationen durch den Besucher im wesentlichen durch die grafische Gestaltung der Website gesteuert. Dabei stehen neben der Umsetzung der Corporate Identity vor allem die Benutzerfreundlichkeit sowie die professionelle \u00dcbermittlung von Informationen im Vordergrund. Gutes Webdesign sollte beim Aufbau und der Navigation der Webseite vielen Menschen entgegenkommen. Behinderte Menschen ben\u00f6tigen z.B. Websites, die barrierefrei gestaltet sind.<\/p>\n<h5>Die individuellen Kommunikationsl\u00f6sungen von coMcoN bieten Ihrem Unternehmen die professionelle Umsetung von innovativen und effizienten Internetauftritten.<\/h5>\n<p>Bei der Umsetzung des Webdesigns richtet sich unser Augenmerk besonders auf die Zug\u00e4nglichkeit in allen aktuellen Webbrowsern. Flash Inhalte k\u00f6nnen beispielsweise auf beliebten Apple Produkten wie dem iPhone , dem iPad oder auch dem iPad2 nicht angezeit werden. Der Einsatz von Flash und anderen Browser-Erweiterungen muss nicht grunds\u00e4tzlich vermieden werden, es sollte aber sichergestellt sein, dass der Inhalt ohne diese Techniken voll abrufbar bleibt. Au\u00dferdem steigt bei den Besucherzahlen einer Internetseite die Anzahl der Nutzer mit Smartphones stetig an. Auch diesem Umstand muss eine gut gemachte Webseite Rechnung tragen.[\/vc_column_text][\/vc_column][\/vc_row]\n","protected":false},"excerpt":{"rendered":"<p>[vc_row full_height=&#8220;yes&#8220;][vc_column][vc_row_inner][vc_column_inner][vc_column_text] Wir \u00fcberarbeiten zur Zeit unsere Webseite. Wir bitten um Ihr Verst\u00e4ndnis. coMcoN ist bereits seit 1994 Anbieter von professionellen und effizienten L\u00f6sungen in den Bereichen Webdesign, Programmierung und Internetmarketing f\u00fcr kleine, mittlere, mittelst\u00e4ndische und gro\u00dfe Unternehmen. Unsere zufriedenen Kunden aus ganz Europa und den USA vertrauen uns als Partner zum Teil schon weit&#8230;<\/p>\n","protected":false},"author":1,"featured_media":0,"parent":0,"menu_order":0,"comment_status":"closed","ping_status":"closed","template":"","meta":{"_exactmetrics_skip_tracking":false,"_exactmetrics_sitenote_active":false,"_exactmetrics_sitenote_note":"","_exactmetrics_sitenote_category":0},"_links":{"self":[{"href":"https:\/\/cc1.de\/cms\/wp-json\/wp\/v2\/pages\/421"}],"collection":[{"href":"https:\/\/cc1.de\/cms\/wp-json\/wp\/v2\/pages"}],"about":[{"href":"https:\/\/cc1.de\/cms\/wp-json\/wp\/v2\/types\/page"}],"author":[{"embeddable":true,"href":"https:\/\/cc1.de\/cms\/wp-json\/wp\/v2\/users\/1"}],"replies":[{"embeddable":true,"href":"https:\/\/cc1.de\/cms\/wp-json\/wp\/v2\/comments?post=421"}],"version-history":[{"count":101,"href":"https:\/\/cc1.de\/cms\/wp-json\/wp\/v2\/pages\/421\/revisions"}],"predecessor-version":[{"id":5392,"href":"https:\/\/cc1.de\/cms\/wp-json\/wp\/v2\/pages\/421\/revisions\/5392"}],"wp:attachment":[{"href":"https:\/\/cc1.de\/cms\/wp-json\/wp\/v2\/media?parent=421"}],"curies":[{"name":"wp","href":"https:\/\/api.w.org\/{rel}","templated":true}]}}