{"id":62,"date":"2011-06-22T09:13:35","date_gmt":"2011-06-22T09:13:35","guid":{"rendered":"\/?page_id=62"},"modified":"2011-08-17T13:04:35","modified_gmt":"2011-08-17T12:04:35","slug":"kundenmeinungen","status":"publish","type":"page","link":"https:\/\/cc1.de\/cms\/kundenmeinungen\/","title":{"rendered":"Kundenstimmen"},"content":{"rendered":"<h3><img loading=\"lazy\" class=\"alignleft noimgbg\" style=\"border: 0pt none; margin: 0px;\" title=\"logo_icon\" src=\"http:\/\/cc1.de\/cms\/wp-content\/uploads\/2011\/07\/logo_icon1.png\" alt=\"\" width=\"47\" height=\"50\" \/><\/h3>\n<h3>\nWas unsere Kunden \u00fcber uns sagen<\/h3>\n<p>Alle auf dieser Seite getroffenen Aussagen spiegeln die Meinung unserer Kunden wieder und wir ver\u00f6ffentlichen die Statements unver\u00e4ndert und mit der Erlaubnis der betreffenden Firmen.<\/p>\n","protected":false},"excerpt":{"rendered":"<p>Was unsere Kunden \u00fcber uns sagen Alle auf dieser Seite getroffenen Aussagen spiegeln die Meinung unserer Kunden wieder und wir ver\u00f6ffentlichen die Statements unver\u00e4ndert und mit der Erlaubnis der betreffenden Firmen.<\/p>\n","protected":false},"author":1,"featured_media":0,"parent":0,"menu_order":0,"comment_status":"closed","ping_status":"open","template":"testimonials.php","meta":{"_exactmetrics_skip_tracking":false,"_exactmetrics_sitenote_active":false,"_exactmetrics_sitenote_note":"","_exactmetrics_sitenote_category":0},"_links":{"self":[{"href":"https:\/\/cc1.de\/cms\/wp-json\/wp\/v2\/pages\/62"}],"collection":[{"href":"https:\/\/cc1.de\/cms\/wp-json\/wp\/v2\/pages"}],"about":[{"href":"https:\/\/cc1.de\/cms\/wp-json\/wp\/v2\/types\/page"}],"author":[{"embeddable":true,"href":"https:\/\/cc1.de\/cms\/wp-json\/wp\/v2\/users\/1"}],"replies":[{"embeddable":true,"href":"https:\/\/cc1.de\/cms\/wp-json\/wp\/v2\/comments?post=62"}],"version-history":[{"count":14,"href":"https:\/\/cc1.de\/cms\/wp-json\/wp\/v2\/pages\/62\/revisions"}],"predecessor-version":[{"id":1250,"href":"https:\/\/cc1.de\/cms\/wp-json\/wp\/v2\/pages\/62\/revisions\/1250"}],"wp:attachment":[{"href":"https:\/\/cc1.de\/cms\/wp-json\/wp\/v2\/media?parent=62"}],"curies":[{"name":"wp","href":"https:\/\/api.w.org\/{rel}","templated":true}]}}