{"id":856,"date":"2011-08-01T13:22:11","date_gmt":"2011-08-01T12:22:11","guid":{"rendered":"http:\/\/cc1.de\/cms\/?page_id=856"},"modified":"2012-06-19T11:13:29","modified_gmt":"2012-06-19T10:13:29","slug":"webdesign","status":"publish","type":"page","link":"https:\/\/cc1.de\/cms\/webdesign\/","title":{"rendered":"Webdesign"},"content":{"rendered":"<h3><img loading=\"lazy\" class=\"alignleft noimgbg\" style=\"margin: 0px; border: 0pt none;\" title=\"logo_icon\" src=\"http:\/\/cc1.de\/cms\/wp-content\/uploads\/2011\/07\/logo_icon1.png\" alt=\"\" width=\"47\" height=\"50\" \/><br \/>\nWebdesign und Programmierung<\/h3>\n<p>coMcoN ist seit 1994 Anbieter von professionellen und effizienten L\u00f6sungen in den Bereichen Webdesign, Programmierung und Internetmarketing f\u00fcr kleine, mittelst\u00e4ndische und gro\u00dfe Unternehmen.<\/p>\n<p>Unsere zufriedenen Kunden aus ganz Europa und den USA vertrauen uns als Partner zum Teil schon weit \u00fcber 10 Jahre. Kompetenz, Zuverl\u00e4ssigkeit und Schnelligkeit zahlen sich aus.<\/p>\n<p><strong>Alles Gute aus einer Hand:<br \/>\nAls Full-Service-Provider umfasst unser Leistungsspektrum neben Webdesign, Programmierung, Internet Marketing, Suchmaschinenoptimierung und Hosting auch Grafik- und Printmediendesign.<\/strong> [one_half]<em><em><\/em><\/em><\/p>\n<h3><em><img loading=\"lazy\" class=\"alignleft noimgbg\" style=\"border: 0pt none; margin-left: 5px; margin-right: 5px;\" title=\"logo_icon\" src=\"http:\/\/cc1.de\/cms\/wp-content\/uploads\/2011\/07\/logo_icon1.png\" alt=\"\" width=\"47\" height=\"50\" \/><br \/>\nScreendesign<\/em><\/h3>\n<p style=\"padding-left: 30px; text-align: left;\">Profitieren Sie von unserer langj\u00e4hrigen Erfahrung.<\/p>\n<p style=\"padding-left: 30px; text-align: left;\">Wir erstellen individuell f\u00fcr Ihr Unternehmen ein ansprechendes und zeitgem\u00e4\u00dfes Webdesign nach Ihren Vorgaben, Ihrer Corporate Identity und Ihrem Budget.<\/p>\n[\/one_half]\n<br \/>\n<p>[one_half_last]\n<h3><em><em><em><img loading=\"lazy\" class=\"alignleft noimgbg\" style=\"border: 0pt none; margin-left: 5px; margin-right: 5px;\" title=\"logo_icon\" src=\"http:\/\/cc1.de\/cms\/wp-content\/uploads\/2011\/07\/logo_icon1.png\" alt=\"\" width=\"47\" height=\"50\" \/><\/em><\/em><br \/>\nProgrammierung<\/em><\/h3>\n<p style=\"padding-left: 30px;\">Wir beherrschen die aktuellen Techniken und verfolgen neue Trends.<\/p>\n<p style=\"padding-left: 30px;\">Es z\u00e4hlt nicht immer das technisch Machbare. Unsere Anwendungen zeichnen sich durch Bedienerfreundlichkeit und browser\u00fcbergreifende Entwicklung aus.<\/p>\n<br \/>\n[\/one_half_last]\n<br \/>\n<p>[one_half]\n<h3><em><em><em><em><em><img loading=\"lazy\" class=\"alignleft noimgbg\" style=\"border: 0pt none; margin-left: 5px; margin-right: 5px;\" title=\"logo_icon\" src=\"http:\/\/cc1.de\/cms\/wp-content\/uploads\/2011\/07\/logo_icon1.png\" alt=\"\" width=\"47\" height=\"50\" \/><\/em><\/em><\/em><\/em><br \/>\nCMS <span style=\"font-size: x-small;\">(Content Management Systeme)<\/span><br \/>\n<\/em><\/h3>\n<p style=\"padding-left: 30px;\">Pflegen Sie die Inhalte Ihrer Webseite doch einfach selbst.<\/p>\n<p style=\"padding-left: 30px;\">Neben unserem eigenen, einfach zu bedienenden Content-Management-System coMcoN-CMS erstellen wir im Kundenauftrag Internetauftritte in TYPO3, WordPress und Joomla.<\/p>\n<p style=\"padding-left: 30px;\">[button link=&#8220;http:\/\/cc1.de\/cms\/content-management-systeme&#8220; type=&#8220;button&#8220;]Testen Sie wie es geht[\/button]\n[\/one_half]\n<p>[one_half_last]\n<h3><em><em><em><em><em><em><em><img loading=\"lazy\" class=\"alignleft noimgbg\" style=\"border: 0pt none; margin-left: 5px; margin-right: 5px;\" title=\"logo_icon\" src=\"http:\/\/cc1.de\/cms\/wp-content\/uploads\/2011\/07\/logo_icon1.png\" alt=\"\" width=\"47\" height=\"50\" \/><\/em><\/em><\/em><\/em><\/em><\/em><br \/>\nMobiles Internet<br \/>\n<\/em><\/h3>\n<p style=\"padding-left: 30px;\">Immer mehr Benutzer besuchen Ihre Seiten mit mobilen Endger\u00e4ten.<\/p>\n<p style=\"padding-left: 30px;\">Sie haben bereits eine Webseite und fragen sich, ob diese bei Nutzern von aktuellen Smartphones wie dem iPhone, Motorola oder HTC korrekt angezeigt wird? Kein Problem! Daf\u00fcr gibt es unseren Simulator.<\/p>\n<p style=\"padding-left: 30px;\">[button link=&#8220;http:\/\/www.cc1.de\/cms\/mobile-internetseiten-smartphones&#8220; type=&#8220;button&#8220;]Nutzen Sie unseren Simulator[\/button]\n[\/one_half_last]\n<p>Bei der visuellen Wahrnehmung von Webauftritten im Internet wird die\u00a0Informationsaufnahme durch den Besucher im wesentlichen durch die grafische Gestaltung der Website gesteuert. Dabei stehen neben der Umsetzung der Corporate Identity vor allem die Benutzerfreundlichkeit sowie die professionelle \u00dcbermittlung von Informationen im Vordergrund. Gutes Webdesign sollte beim Aufbau und der Navigation der Webseite vielen Menschen entgegenkommen! Behinderte Menschen ben\u00f6tigen z.B. Websites, die barrierefrei gestaltet sind.<\/p>\n<h5 style=\"text-align: center;\">Die individuellen Kommunikationsl\u00f6sungen von coMcoN bieten Ihrem Unternehmen die professionelle Umsetung von innovativen und effizienten Internetauftritten.<\/h5>\n<p>Bei der Umsetzung des Webdesigns richtet sich unser Augenmerk besonders auf die Zug\u00e4nglichkeit in allen aktuellen Webbrowsern. Flash Inhalte k\u00f6nnen beispielsweise auf beliebten Apple Produkten wie dem iPhone , dem iPad oder auch dem iPad2 nicht angezeit werden. Der Einsatz von Flash und anderen Browser-Erweiterungen muss nicht grunds\u00e4tzlich vermieden werden, es sollte aber sichergestellt sein, dass der Inhalt ohne diese Techniken voll abrufbar bleibt. Au\u00dferdem steigt bei den Besucherzahlen einer Internetseite die Anzahl der Nutzer mit Smartphones stetig an. Auch diesem Umstand muss eine gut gemachte Webseite Rechnung tragen.<\/p>\n<br \/>\n","protected":false},"excerpt":{"rendered":"<p>Webdesign und Programmierung coMcoN ist seit 1994 Anbieter von professionellen und effizienten L\u00f6sungen in den Bereichen Webdesign, Programmierung und Internetmarketing f\u00fcr kleine, mittelst\u00e4ndische und gro\u00dfe Unternehmen. Unsere zufriedenen Kunden aus ganz Europa und den USA vertrauen uns als Partner zum Teil schon weit \u00fcber 10 Jahre. Kompetenz, Zuverl\u00e4ssigkeit und Schnelligkeit zahlen sich aus. Alles Gute&#8230;<\/p>\n","protected":false},"author":1,"featured_media":0,"parent":0,"menu_order":0,"comment_status":"closed","ping_status":"open","template":"","meta":{"_exactmetrics_skip_tracking":false,"_exactmetrics_sitenote_active":false,"_exactmetrics_sitenote_note":"","_exactmetrics_sitenote_category":0},"_links":{"self":[{"href":"https:\/\/cc1.de\/cms\/wp-json\/wp\/v2\/pages\/856"}],"collection":[{"href":"https:\/\/cc1.de\/cms\/wp-json\/wp\/v2\/pages"}],"about":[{"href":"https:\/\/cc1.de\/cms\/wp-json\/wp\/v2\/types\/page"}],"author":[{"embeddable":true,"href":"https:\/\/cc1.de\/cms\/wp-json\/wp\/v2\/users\/1"}],"replies":[{"embeddable":true,"href":"https:\/\/cc1.de\/cms\/wp-json\/wp\/v2\/comments?post=856"}],"version-history":[{"count":101,"href":"https:\/\/cc1.de\/cms\/wp-json\/wp\/v2\/pages\/856\/revisions"}],"predecessor-version":[{"id":860,"href":"https:\/\/cc1.de\/cms\/wp-json\/wp\/v2\/pages\/856\/revisions\/860"}],"wp:attachment":[{"href":"https:\/\/cc1.de\/cms\/wp-json\/wp\/v2\/media?parent=856"}],"curies":[{"name":"wp","href":"https:\/\/api.w.org\/{rel}","templated":true}]}}